{"id":123,"date":"2022-10-04T12:37:08","date_gmt":"2022-10-04T12:37:08","guid":{"rendered":"https:\/\/maralitc.com\/?page_id=123"},"modified":"2022-10-19T12:26:55","modified_gmt":"2022-10-19T12:26:55","slug":"services","status":"publish","type":"page","link":"https:\/\/maralitc.com\/ro\/services\/","title":{"rendered":"Servicii"},"content":{"rendered":"<div data-elementor-type=\"wp-page\" data-elementor-id=\"123\" class=\"elementor elementor-123\">\n\t\t\t\t\t\t<section class=\"elementor-section elementor-top-section elementor-element elementor-element-3896c36 elementor-section-full_width elementor-section-height-default elementor-section-height-default\" data-id=\"3896c36\" data-element_type=\"section\" data-e-type=\"section\">\n\t\t\t\t\t\t<div class=\"elementor-container elementor-column-gap-default\">\n\t\t\t\t\t<div class=\"elementor-column elementor-col-100 elementor-top-column elementor-element elementor-element-0426c79\" data-id=\"0426c79\" data-element_type=\"column\" data-e-type=\"column\">\n\t\t\t<div class=\"elementor-widget-wrap elementor-element-populated\">\n\t\t\t\t\t\t<div class=\"elementor-element elementor-element-1acb30b elementor--h-position-center elementor--v-position-middle elementor-arrows-position-inside elementor-pagination-position-inside elementor-widget elementor-widget-slides\" data-id=\"1acb30b\" data-element_type=\"widget\" data-e-type=\"widget\" data-settings=\"{&quot;navigation&quot;:&quot;both&quot;,&quot;autoplay&quot;:&quot;yes&quot;,&quot;pause_on_hover&quot;:&quot;yes&quot;,&quot;pause_on_interaction&quot;:&quot;yes&quot;,&quot;autoplay_speed&quot;:5000,&quot;infinite&quot;:&quot;yes&quot;,&quot;transition&quot;:&quot;slide&quot;,&quot;transition_speed&quot;:500}\" data-widget_type=\"slides.default\">\n\t\t\t\t<div class=\"elementor-widget-container\">\n\t\t\t\t\t\t\t<div class=\"elementor-swiper\">\n\t\t\t<div class=\"elementor-slides-wrapper elementor-main-swiper swiper-container\" dir=\"ltr\" data-animation=\"fadeInUp\">\n\t\t\t\t<div class=\"swiper-wrapper elementor-slides\">\n\t\t\t\t\t\t\t\t\t\t<div class=\"elementor-repeater-item-d623a31 swiper-slide\"><div class=\"swiper-slide-bg\"><\/div><div class=\"swiper-slide-inner\" ><div class=\"swiper-slide-contents\"><div class=\"elementor-slide-heading\">Servicii<\/div><\/div><\/div><\/div>\t\t\t\t<\/div>\n\t\t\t\t\t\t\t<\/div>\n\t\t<\/div>\n\t\t\t\t\t\t<\/div>\n\t\t\t\t<\/div>\n\t\t\t\t\t<\/div>\n\t\t<\/div>\n\t\t\t\t\t<\/div>\n\t\t<\/section>\n\t\t\t\t<section class=\"elementor-section elementor-top-section elementor-element elementor-element-6052474 elementor-section-boxed elementor-section-height-default elementor-section-height-default\" data-id=\"6052474\" data-element_type=\"section\" data-e-type=\"section\">\n\t\t\t\t\t\t<div class=\"elementor-container elementor-column-gap-wider\">\n\t\t\t\t\t<div class=\"elementor-column elementor-col-50 elementor-top-column elementor-element elementor-element-c459ef1\" data-id=\"c459ef1\" data-element_type=\"column\" data-e-type=\"column\">\n\t\t\t<div class=\"elementor-widget-wrap elementor-element-populated\">\n\t\t\t\t\t\t<div class=\"elementor-element elementor-element-411f417 elementor-widget elementor-widget-heading\" data-id=\"411f417\" data-element_type=\"widget\" data-e-type=\"widget\" data-widget_type=\"heading.default\">\n\t\t\t\t<div class=\"elementor-widget-container\">\n\t\t\t\t\t<h2 class=\"elementor-heading-title elementor-size-default\">Tururi industriale<\/h2>\t\t\t\t<\/div>\n\t\t\t\t<\/div>\n\t\t\t\t<div class=\"elementor-element elementor-element-414b994 elementor-widget elementor-widget-text-editor\" data-id=\"414b994\" data-element_type=\"widget\" data-e-type=\"widget\" data-widget_type=\"text-editor.default\">\n\t\t\t\t<div class=\"elementor-widget-container\">\n\t\t\t\t\t\t\t\t\t<p>Vizitarea unei companii v\u0103 va oferi o perspectiv\u0103 practic\u0103 asupra lumii muncii \u0219i, de asemenea, v\u0103 ofer\u0103 expunere la practicile curente de munc\u0103. Maral International Trading Co.\u200b<\/p>\t\t\t\t\t\t\t\t<\/div>\n\t\t\t\t<\/div>\n\t\t\t\t\t<\/div>\n\t\t<\/div>\n\t\t\t\t<div class=\"elementor-column elementor-col-50 elementor-top-column elementor-element elementor-element-13cae17\" data-id=\"13cae17\" data-element_type=\"column\" data-e-type=\"column\">\n\t\t\t<div class=\"elementor-widget-wrap elementor-element-populated\">\n\t\t\t\t\t\t<div class=\"elementor-element elementor-element-6ac62b4 elementor-widget elementor-widget-image\" data-id=\"6ac62b4\" data-element_type=\"widget\" data-e-type=\"widget\" data-widget_type=\"image.default\">\n\t\t\t\t<div class=\"elementor-widget-container\">\n\t\t\t\t\t\t\t\t\t\t\t\t\t\t\t<img fetchpriority=\"high\" decoding=\"async\" width=\"670\" height=\"532\" src=\"https:\/\/maralitc.com\/wp-content\/uploads\/2022\/10\/Industrial-Tours-.jpeg\" class=\"attachment-large size-large wp-image-126\" alt=\"\" srcset=\"https:\/\/maralitc.com\/wp-content\/uploads\/2022\/10\/Industrial-Tours-.jpeg 670w, https:\/\/maralitc.com\/wp-content\/uploads\/2022\/10\/Industrial-Tours--300x238.jpeg 300w\" sizes=\"(max-width: 670px) 100vw, 670px\" \/>\t\t\t\t\t\t\t\t\t\t\t\t\t\t\t<\/div>\n\t\t\t\t<\/div>\n\t\t\t\t\t<\/div>\n\t\t<\/div>\n\t\t\t\t\t<\/div>\n\t\t<\/section>\n\t\t\t\t<section class=\"elementor-section elementor-top-section elementor-element elementor-element-ed4024a elementor-section-boxed elementor-section-height-default elementor-section-height-default\" data-id=\"ed4024a\" data-element_type=\"section\" data-e-type=\"section\">\n\t\t\t\t\t\t<div class=\"elementor-container elementor-column-gap-wider\">\n\t\t\t\t\t<div class=\"elementor-column elementor-col-50 elementor-top-column elementor-element elementor-element-9c0e8b6\" data-id=\"9c0e8b6\" data-element_type=\"column\" data-e-type=\"column\">\n\t\t\t<div class=\"elementor-widget-wrap elementor-element-populated\">\n\t\t\t\t\t\t<div class=\"elementor-element elementor-element-46fbf94 elementor-widget elementor-widget-image\" data-id=\"46fbf94\" data-element_type=\"widget\" data-e-type=\"widget\" data-widget_type=\"image.default\">\n\t\t\t\t<div class=\"elementor-widget-container\">\n\t\t\t\t\t\t\t\t\t\t\t\t\t\t\t<img decoding=\"async\" width=\"670\" height=\"532\" src=\"https:\/\/maralitc.com\/wp-content\/uploads\/2022\/10\/International-Trade-.jpeg\" class=\"attachment-large size-large wp-image-127\" alt=\"\" srcset=\"https:\/\/maralitc.com\/wp-content\/uploads\/2022\/10\/International-Trade-.jpeg 670w, https:\/\/maralitc.com\/wp-content\/uploads\/2022\/10\/International-Trade--300x238.jpeg 300w\" sizes=\"(max-width: 670px) 100vw, 670px\" \/>\t\t\t\t\t\t\t\t\t\t\t\t\t\t\t<\/div>\n\t\t\t\t<\/div>\n\t\t\t\t\t<\/div>\n\t\t<\/div>\n\t\t\t\t<div class=\"elementor-column elementor-col-50 elementor-top-column elementor-element elementor-element-a997eaa\" data-id=\"a997eaa\" data-element_type=\"column\" data-e-type=\"column\">\n\t\t\t<div class=\"elementor-widget-wrap elementor-element-populated\">\n\t\t\t\t\t\t<div class=\"elementor-element elementor-element-5092962 elementor-widget elementor-widget-heading\" data-id=\"5092962\" data-element_type=\"widget\" data-e-type=\"widget\" data-widget_type=\"heading.default\">\n\t\t\t\t<div class=\"elementor-widget-container\">\n\t\t\t\t\t<h2 class=\"elementor-heading-title elementor-size-default\">Comer\u021b interna\u021bional\n<\/h2>\t\t\t\t<\/div>\n\t\t\t\t<\/div>\n\t\t\t\t<div class=\"elementor-element elementor-element-78bddd0 elementor-widget elementor-widget-text-editor\" data-id=\"78bddd0\" data-element_type=\"widget\" data-e-type=\"widget\" data-widget_type=\"text-editor.default\">\n\t\t\t\t<div class=\"elementor-widget-container\">\n\t\t\t\t\t\t\t\t\t<p class=\"big\">Pute\u021bi conta pe noi \u00een schimburile legale de capital, bunuri \u0219i servicii peste grani\u021bele \u0219i teritoriile interna\u021bionale. Faciliteaz\u0103 \u0219i accelereaz\u0103 tranzac\u021biile tale interna\u021bionale folosind Maral International Trading Co.<\/p>\t\t\t\t\t\t\t\t<\/div>\n\t\t\t\t<\/div>\n\t\t\t\t\t<\/div>\n\t\t<\/div>\n\t\t\t\t\t<\/div>\n\t\t<\/section>\n\t\t\t\t<section class=\"elementor-section elementor-top-section elementor-element elementor-element-204d361 elementor-section-boxed elementor-section-height-default elementor-section-height-default\" data-id=\"204d361\" data-element_type=\"section\" data-e-type=\"section\">\n\t\t\t\t\t\t<div class=\"elementor-container elementor-column-gap-wider\">\n\t\t\t\t\t<div class=\"elementor-column elementor-col-50 elementor-top-column elementor-element elementor-element-37cb3d9\" data-id=\"37cb3d9\" data-element_type=\"column\" data-e-type=\"column\">\n\t\t\t<div class=\"elementor-widget-wrap elementor-element-populated\">\n\t\t\t\t\t\t<div class=\"elementor-element elementor-element-a67828f elementor-widget elementor-widget-heading\" data-id=\"a67828f\" data-element_type=\"widget\" data-e-type=\"widget\" data-widget_type=\"heading.default\">\n\t\t\t\t<div class=\"elementor-widget-container\">\n\t\t\t\t\t<h2 class=\"elementor-heading-title elementor-size-default\">Utilaje Utilaje\n<\/h2>\t\t\t\t<\/div>\n\t\t\t\t<\/div>\n\t\t\t\t<div class=\"elementor-element elementor-element-65b1c5e elementor-widget elementor-widget-text-editor\" data-id=\"65b1c5e\" data-element_type=\"widget\" data-e-type=\"widget\" data-widget_type=\"text-editor.default\">\n\t\t\t\t<div class=\"elementor-widget-container\">\n\t\t\t\t\t\t\t\t\t<p class=\"big\">V\u0103 oferim ma\u0219ini \u0219i echipamente de calitate pentru toate industriile, cum ar fi \u00een special ma\u0219ini \u0219i echipamente de construc\u021bii, cum ar fi excavatoare, buldozere, gredere, accesorii, cl\u0103diri portabile \u0219i a\u0219a mai departe - Noi \u0219i second hand.<\/p>\t\t\t\t\t\t\t\t<\/div>\n\t\t\t\t<\/div>\n\t\t\t\t\t<\/div>\n\t\t<\/div>\n\t\t\t\t<div class=\"elementor-column elementor-col-50 elementor-top-column elementor-element elementor-element-1338c17\" data-id=\"1338c17\" data-element_type=\"column\" data-e-type=\"column\">\n\t\t\t<div class=\"elementor-widget-wrap elementor-element-populated\">\n\t\t\t\t\t\t<div class=\"elementor-element elementor-element-eb466bb elementor-widget elementor-widget-image\" data-id=\"eb466bb\" data-element_type=\"widget\" data-e-type=\"widget\" data-widget_type=\"image.default\">\n\t\t\t\t<div class=\"elementor-widget-container\">\n\t\t\t\t\t\t\t\t\t\t\t\t\t\t\t<img decoding=\"async\" width=\"670\" height=\"532\" src=\"https:\/\/maralitc.com\/wp-content\/uploads\/2022\/10\/Machineries-Equipment-.jpeg\" class=\"attachment-large size-large wp-image-128\" alt=\"\" srcset=\"https:\/\/maralitc.com\/wp-content\/uploads\/2022\/10\/Machineries-Equipment-.jpeg 670w, https:\/\/maralitc.com\/wp-content\/uploads\/2022\/10\/Machineries-Equipment--300x238.jpeg 300w\" sizes=\"(max-width: 670px) 100vw, 670px\" \/>\t\t\t\t\t\t\t\t\t\t\t\t\t\t\t<\/div>\n\t\t\t\t<\/div>\n\t\t\t\t\t<\/div>\n\t\t<\/div>\n\t\t\t\t\t<\/div>\n\t\t<\/section>\n\t\t\t\t<section class=\"elementor-section elementor-top-section elementor-element elementor-element-f16f51d elementor-section-full_width elementor-section-height-default elementor-section-height-default\" data-id=\"f16f51d\" data-element_type=\"section\" data-e-type=\"section\">\n\t\t\t\t\t\t<div class=\"elementor-container elementor-column-gap-default\">\n\t\t\t\t\t<div class=\"elementor-column elementor-col-100 elementor-top-column elementor-element elementor-element-db19495\" data-id=\"db19495\" data-element_type=\"column\" data-e-type=\"column\">\n\t\t\t<div class=\"elementor-widget-wrap elementor-element-populated\">\n\t\t\t\t\t\t<div class=\"elementor-element elementor-element-25a290d elementor-widget elementor-widget-video\" data-id=\"25a290d\" data-element_type=\"widget\" data-e-type=\"widget\" data-settings=\"{&quot;video_type&quot;:&quot;hosted&quot;,&quot;show_image_overlay&quot;:&quot;yes&quot;,&quot;image_overlay&quot;:{&quot;url&quot;:&quot;https:\\\/\\\/maralitc.com\\\/wp-content\\\/uploads\\\/2022\\\/10\\\/ex.jpeg&quot;,&quot;id&quot;:130,&quot;size&quot;:&quot;&quot;,&quot;alt&quot;:&quot;&quot;,&quot;source&quot;:&quot;library&quot;},&quot;controls&quot;:&quot;yes&quot;}\" data-widget_type=\"video.default\">\n\t\t\t\t<div class=\"elementor-widget-container\">\n\t\t\t\t\t\t\t<div class=\"e-hosted-video elementor-wrapper elementor-open-inline\">\n\t\t\t\t\t<video class=\"elementor-video\" src=\"https:\/\/maralitc.com\/wp-content\/uploads\/2022\/10\/motionMaral.mp4\" controls=\"\" preload=\"metadata\" controlslist=\"nodownload\" poster=\"https:\/\/maralitc.com\/wp-content\/uploads\/2022\/10\/ex.jpeg\"><\/video>\n\t\t\t\t\t\t<div class=\"elementor-custom-embed-image-overlay\" style=\"background-image: url(https:\/\/maralitc.com\/wp-content\/uploads\/2022\/10\/ex.jpeg);\">\n\t\t\t\t\t\t\t\t\t\t\t\t\t\t\t\t<div class=\"elementor-custom-embed-play\" role=\"button\" aria-label=\"Play Video\" tabindex=\"0\">\n\t\t\t\t\t\t\t<i aria-hidden=\"true\" class=\"eicon-play\"><\/i>\t\t\t\t\t\t<\/div>\n\t\t\t\t\t\t\t\t\t<\/div>\n\t\t\t\t\t<\/div>\n\t\t\t\t\t\t<\/div>\n\t\t\t\t<\/div>\n\t\t\t\t\t<\/div>\n\t\t<\/div>\n\t\t\t\t\t<\/div>\n\t\t<\/section>\n\t\t\t\t<section class=\"elementor-section elementor-top-section elementor-element elementor-element-b8d5424 elementor-section-boxed elementor-section-height-default elementor-section-height-default\" data-id=\"b8d5424\" data-element_type=\"section\" data-e-type=\"section\">\n\t\t\t\t\t\t<div class=\"elementor-container elementor-column-gap-wider\">\n\t\t\t\t\t<div class=\"elementor-column elementor-col-50 elementor-top-column elementor-element elementor-element-82c5c2c\" data-id=\"82c5c2c\" data-element_type=\"column\" data-e-type=\"column\">\n\t\t\t<div class=\"elementor-widget-wrap elementor-element-populated\">\n\t\t\t\t\t\t<div class=\"elementor-element elementor-element-9be4ff4 elementor-widget elementor-widget-image\" data-id=\"9be4ff4\" data-element_type=\"widget\" data-e-type=\"widget\" data-widget_type=\"image.default\">\n\t\t\t\t<div class=\"elementor-widget-container\">\n\t\t\t\t\t\t\t\t\t\t\t\t\t\t\t<img loading=\"lazy\" decoding=\"async\" width=\"670\" height=\"532\" src=\"https:\/\/maralitc.com\/wp-content\/uploads\/2022\/10\/Steel.jpeg\" class=\"attachment-large size-large wp-image-131\" alt=\"\" srcset=\"https:\/\/maralitc.com\/wp-content\/uploads\/2022\/10\/Steel.jpeg 670w, https:\/\/maralitc.com\/wp-content\/uploads\/2022\/10\/Steel-300x238.jpeg 300w\" sizes=\"(max-width: 670px) 100vw, 670px\" \/>\t\t\t\t\t\t\t\t\t\t\t\t\t\t\t<\/div>\n\t\t\t\t<\/div>\n\t\t\t\t\t<\/div>\n\t\t<\/div>\n\t\t\t\t<div class=\"elementor-column elementor-col-50 elementor-top-column elementor-element elementor-element-4755e0b\" data-id=\"4755e0b\" data-element_type=\"column\" data-e-type=\"column\">\n\t\t\t<div class=\"elementor-widget-wrap elementor-element-populated\">\n\t\t\t\t\t\t<div class=\"elementor-element elementor-element-7460535 elementor-widget elementor-widget-heading\" data-id=\"7460535\" data-element_type=\"widget\" data-e-type=\"widget\" data-widget_type=\"heading.default\">\n\t\t\t\t<div class=\"elementor-widget-container\">\n\t\t\t\t\t<h2 class=\"elementor-heading-title elementor-size-default\">O\u0163el<\/h2>\t\t\t\t<\/div>\n\t\t\t\t<\/div>\n\t\t\t\t<div class=\"elementor-element elementor-element-d1e249c elementor-widget elementor-widget-text-editor\" data-id=\"d1e249c\" data-element_type=\"widget\" data-e-type=\"widget\" data-widget_type=\"text-editor.default\">\n\t\t\t\t<div class=\"elementor-widget-container\">\n\t\t\t\t\t\t\t\t\t<p class=\"big\">Dup\u0103 cum \u0219tim cu to\u021bii, industria siderurgic\u0103 este coloana vertebral\u0103 a tuturor industriilor majore \u0219i este utilizat\u0103 pe scar\u0103 larg\u0103 \u00een \u00eentreaga lume. Pentru a g\u0103si o\u021belul potrivit pentru industria dvs., Maral International Trading Co. este o surs\u0103 de \u00eencredere care v\u0103 ajut\u0103 s\u0103 cump\u0103ra\u021bi o\u021bel de la diferi\u021bi produc\u0103tori din \u00eentreaga lume.<\/p>\t\t\t\t\t\t\t\t<\/div>\n\t\t\t\t<\/div>\n\t\t\t\t\t<\/div>\n\t\t<\/div>\n\t\t\t\t\t<\/div>\n\t\t<\/section>\n\t\t\t\t<section class=\"elementor-section elementor-top-section elementor-element elementor-element-4948236 elementor-section-boxed elementor-section-height-default elementor-section-height-default\" data-id=\"4948236\" data-element_type=\"section\" data-e-type=\"section\">\n\t\t\t\t\t\t<div class=\"elementor-container elementor-column-gap-wider\">\n\t\t\t\t\t<div class=\"elementor-column elementor-col-50 elementor-top-column elementor-element elementor-element-3a2bb80\" data-id=\"3a2bb80\" data-element_type=\"column\" data-e-type=\"column\">\n\t\t\t<div class=\"elementor-widget-wrap elementor-element-populated\">\n\t\t\t\t\t\t<div class=\"elementor-element elementor-element-5daf4e5 elementor-widget elementor-widget-heading\" data-id=\"5daf4e5\" data-element_type=\"widget\" data-e-type=\"widget\" data-widget_type=\"heading.default\">\n\t\t\t\t<div class=\"elementor-widget-container\">\n\t\t\t\t\t<h2 class=\"elementor-heading-title elementor-size-default\">Expozitii<\/h2>\t\t\t\t<\/div>\n\t\t\t\t<\/div>\n\t\t\t\t<div class=\"elementor-element elementor-element-c1ae614 elementor-widget elementor-widget-text-editor\" data-id=\"c1ae614\" data-element_type=\"widget\" data-e-type=\"widget\" data-widget_type=\"text-editor.default\">\n\t\t\t\t<div class=\"elementor-widget-container\">\n\t\t\t\t\t\t\t\t\t<p class=\"big\">De c\u00e2\u021biva ani suntem implica\u021bi \u00een expozi\u021bii interna\u021bionale, conferin\u021be, cursuri de formare \u0219i turnee profesionale \u00een \u00eentreaga lume \u0219i suntem preg\u0103ti\u021bi s\u0103 organiz\u0103m totul despre expozi\u021biile la care a\u021bi dori s\u0103 participa\u021bi.<\/p>\t\t\t\t\t\t\t\t<\/div>\n\t\t\t\t<\/div>\n\t\t\t\t\t<\/div>\n\t\t<\/div>\n\t\t\t\t<div class=\"elementor-column elementor-col-50 elementor-top-column elementor-element elementor-element-439b7de\" data-id=\"439b7de\" data-element_type=\"column\" data-e-type=\"column\">\n\t\t\t<div class=\"elementor-widget-wrap elementor-element-populated\">\n\t\t\t\t\t\t<div class=\"elementor-element elementor-element-e234a12 elementor-widget elementor-widget-image\" data-id=\"e234a12\" data-element_type=\"widget\" data-e-type=\"widget\" data-widget_type=\"image.default\">\n\t\t\t\t<div class=\"elementor-widget-container\">\n\t\t\t\t\t\t\t\t\t\t\t\t\t\t\t<img loading=\"lazy\" decoding=\"async\" width=\"670\" height=\"532\" src=\"https:\/\/maralitc.com\/wp-content\/uploads\/2022\/10\/Exhibitions.jpeg\" class=\"attachment-large size-large wp-image-132\" alt=\"\" srcset=\"https:\/\/maralitc.com\/wp-content\/uploads\/2022\/10\/Exhibitions.jpeg 670w, https:\/\/maralitc.com\/wp-content\/uploads\/2022\/10\/Exhibitions-300x238.jpeg 300w\" sizes=\"(max-width: 670px) 100vw, 670px\" \/>\t\t\t\t\t\t\t\t\t\t\t\t\t\t\t<\/div>\n\t\t\t\t<\/div>\n\t\t\t\t\t<\/div>\n\t\t<\/div>\n\t\t\t\t\t<\/div>\n\t\t<\/section>\n\t\t\t\t<section class=\"elementor-section elementor-top-section elementor-element elementor-element-a1f1d06 elementor-section-boxed elementor-section-height-default elementor-section-height-default\" data-id=\"a1f1d06\" data-element_type=\"section\" data-e-type=\"section\">\n\t\t\t\t\t\t<div class=\"elementor-container elementor-column-gap-wider\">\n\t\t\t\t\t<div class=\"elementor-column elementor-col-50 elementor-top-column elementor-element elementor-element-117ed37\" data-id=\"117ed37\" data-element_type=\"column\" data-e-type=\"column\">\n\t\t\t<div class=\"elementor-widget-wrap elementor-element-populated\">\n\t\t\t\t\t\t<div class=\"elementor-element elementor-element-373d0f0 elementor-widget elementor-widget-image\" data-id=\"373d0f0\" data-element_type=\"widget\" data-e-type=\"widget\" data-widget_type=\"image.default\">\n\t\t\t\t<div class=\"elementor-widget-container\">\n\t\t\t\t\t\t\t\t\t\t\t\t\t\t\t<img loading=\"lazy\" decoding=\"async\" width=\"670\" height=\"532\" src=\"https:\/\/maralitc.com\/wp-content\/uploads\/2022\/10\/Business-Plan-.jpg\" class=\"attachment-large size-large wp-image-501\" alt=\"\" srcset=\"https:\/\/maralitc.com\/wp-content\/uploads\/2022\/10\/Business-Plan-.jpg 670w, https:\/\/maralitc.com\/wp-content\/uploads\/2022\/10\/Business-Plan--300x238.jpg 300w, https:\/\/maralitc.com\/wp-content\/uploads\/2022\/10\/Business-Plan--15x12.jpg 15w\" sizes=\"(max-width: 670px) 100vw, 670px\" \/>\t\t\t\t\t\t\t\t\t\t\t\t\t\t\t<\/div>\n\t\t\t\t<\/div>\n\t\t\t\t\t<\/div>\n\t\t<\/div>\n\t\t\t\t<div class=\"elementor-column elementor-col-50 elementor-top-column elementor-element elementor-element-3338ce2\" data-id=\"3338ce2\" data-element_type=\"column\" data-e-type=\"column\">\n\t\t\t<div class=\"elementor-widget-wrap elementor-element-populated\">\n\t\t\t\t\t\t<div class=\"elementor-element elementor-element-9294c52 elementor-widget elementor-widget-heading\" data-id=\"9294c52\" data-element_type=\"widget\" data-e-type=\"widget\" data-widget_type=\"heading.default\">\n\t\t\t\t<div class=\"elementor-widget-container\">\n\t\t\t\t\t<h2 class=\"elementor-heading-title elementor-size-default\">Plan de afaceri\n<\/h2>\t\t\t\t<\/div>\n\t\t\t\t<\/div>\n\t\t\t\t<div class=\"elementor-element elementor-element-1f50797 elementor-widget elementor-widget-text-editor\" data-id=\"1f50797\" data-element_type=\"widget\" data-e-type=\"widget\" data-widget_type=\"text-editor.default\">\n\t\t\t\t<div class=\"elementor-widget-container\">\n\t\t\t\t\t\t\t\t\t<p class=\"big\">Pe bun\u0103 dreptate a spus marele Benjamin Franklin \u201edac\u0103 nu reu\u0219e\u0219ti s\u0103 planifici, pl\u0103nuie\u0219ti s\u0103 e\u0219uezi\u201d. Planificarea este important\u0103 dac\u0103 dori\u021bi s\u0103 v\u0103 vede\u021bi afacerea prosper\u0103 pe pia\u021ba \u021bint\u0103. Trebuie s\u0103 \u021bine\u021bi un pix \u00een degete, s\u0103 alege\u021bi foi de h\u00e2rtie, s\u0103 le pune\u021bi pe mas\u0103 \u0219i s\u0103 trage\u021bi scaunul \u0219i s\u0103 \u00eencepe\u021bi s\u0103 v\u0103 scrie\u021bi planul de afaceri.<\/p>\t\t\t\t\t\t\t\t<\/div>\n\t\t\t\t<\/div>\n\t\t\t\t\t<\/div>\n\t\t<\/div>\n\t\t\t\t\t<\/div>\n\t\t<\/section>\n\t\t\t\t<\/div>","protected":false},"excerpt":{"rendered":"<p>Services Industrial tours\u200b Visiting a company will give you a practical perspective on the world of work, and also it gives you exposure to current work practices. Maral International Trading Co.\u200b International Trade You can count on us in legal exchange of capital, goods, and services across international borders and territories. Facilate and Accelerate your [&hellip;]<\/p>","protected":false},"author":1,"featured_media":0,"parent":0,"menu_order":0,"comment_status":"closed","ping_status":"closed","template":"","meta":{"footnotes":""},"class_list":["post-123","page","type-page","status-publish","hentry"],"_links":{"self":[{"href":"https:\/\/maralitc.com\/ro\/wp-json\/wp\/v2\/pages\/123","targetHints":{"allow":["GET"]}}],"collection":[{"href":"https:\/\/maralitc.com\/ro\/wp-json\/wp\/v2\/pages"}],"about":[{"href":"https:\/\/maralitc.com\/ro\/wp-json\/wp\/v2\/types\/page"}],"author":[{"embeddable":true,"href":"https:\/\/maralitc.com\/ro\/wp-json\/wp\/v2\/users\/1"}],"replies":[{"embeddable":true,"href":"https:\/\/maralitc.com\/ro\/wp-json\/wp\/v2\/comments?post=123"}],"version-history":[{"count":13,"href":"https:\/\/maralitc.com\/ro\/wp-json\/wp\/v2\/pages\/123\/revisions"}],"predecessor-version":[{"id":504,"href":"https:\/\/maralitc.com\/ro\/wp-json\/wp\/v2\/pages\/123\/revisions\/504"}],"wp:attachment":[{"href":"https:\/\/maralitc.com\/ro\/wp-json\/wp\/v2\/media?parent=123"}],"curies":[{"name":"wp","href":"https:\/\/api.w.org\/{rel}","templated":true}]}}