{"id":371,"date":"2022-10-16T07:59:35","date_gmt":"2022-10-16T07:59:35","guid":{"rendered":"https:\/\/maralitc.com\/?page_id=371"},"modified":"2022-10-22T10:59:52","modified_gmt":"2022-10-22T10:59:52","slug":"clean-green-energy","status":"publish","type":"page","link":"https:\/\/maralitc.com\/ro\/clean-green-energy\/","title":{"rendered":"Energie curat\u0103 \u0219i verde"},"content":{"rendered":"<div data-elementor-type=\"wp-page\" data-elementor-id=\"371\" class=\"elementor elementor-371\">\n\t\t\t\t\t\t<section class=\"elementor-section elementor-top-section elementor-element elementor-element-19b9ee5 elementor-section-full_width elementor-section-height-default elementor-section-height-default\" data-id=\"19b9ee5\" data-element_type=\"section\" data-e-type=\"section\">\n\t\t\t\t\t\t<div class=\"elementor-container elementor-column-gap-default\">\n\t\t\t\t\t<div class=\"elementor-column elementor-col-100 elementor-top-column elementor-element elementor-element-1b2653e\" data-id=\"1b2653e\" data-element_type=\"column\" data-e-type=\"column\">\n\t\t\t<div class=\"elementor-widget-wrap elementor-element-populated\">\n\t\t\t\t\t\t<div class=\"elementor-element elementor-element-c4a6778 elementor--h-position-center elementor--v-position-middle elementor-arrows-position-inside elementor-pagination-position-inside elementor-widget elementor-widget-slides\" data-id=\"c4a6778\" data-element_type=\"widget\" data-e-type=\"widget\" data-settings=\"{&quot;navigation&quot;:&quot;both&quot;,&quot;autoplay&quot;:&quot;yes&quot;,&quot;pause_on_hover&quot;:&quot;yes&quot;,&quot;pause_on_interaction&quot;:&quot;yes&quot;,&quot;autoplay_speed&quot;:5000,&quot;infinite&quot;:&quot;yes&quot;,&quot;transition&quot;:&quot;slide&quot;,&quot;transition_speed&quot;:500}\" data-widget_type=\"slides.default\">\n\t\t\t\t<div class=\"elementor-widget-container\">\n\t\t\t\t\t\t\t<div class=\"elementor-swiper\">\n\t\t\t<div class=\"elementor-slides-wrapper elementor-main-swiper swiper-container\" dir=\"ltr\" data-animation=\"fadeInUp\">\n\t\t\t\t<div class=\"swiper-wrapper elementor-slides\">\n\t\t\t\t\t\t\t\t\t\t<div class=\"elementor-repeater-item-d623a31 swiper-slide\"><div class=\"swiper-slide-bg\"><\/div><div class=\"elementor-background-overlay\"><\/div><div class=\"swiper-slide-inner\" ><div class=\"swiper-slide-contents\"><div class=\"elementor-slide-heading\">Energie curat\u0103 \u0219i verde<\/div><\/div><\/div><\/div>\t\t\t\t<\/div>\n\t\t\t\t\t\t\t<\/div>\n\t\t<\/div>\n\t\t\t\t\t\t<\/div>\n\t\t\t\t<\/div>\n\t\t\t\t\t<\/div>\n\t\t<\/div>\n\t\t\t\t\t<\/div>\n\t\t<\/section>\n\t\t\t\t<section class=\"elementor-section elementor-top-section elementor-element elementor-element-c9f1015 elementor-section-boxed elementor-section-height-default elementor-section-height-default\" data-id=\"c9f1015\" data-element_type=\"section\" data-e-type=\"section\">\n\t\t\t\t\t\t<div class=\"elementor-container elementor-column-gap-default\">\n\t\t\t\t\t<div class=\"elementor-column elementor-col-50 elementor-top-column elementor-element elementor-element-0e5dbce\" data-id=\"0e5dbce\" data-element_type=\"column\" data-e-type=\"column\">\n\t\t\t<div class=\"elementor-widget-wrap elementor-element-populated\">\n\t\t\t\t\t\t<div class=\"elementor-element elementor-element-61908d4 elementor-widget elementor-widget-heading\" data-id=\"61908d4\" data-element_type=\"widget\" data-e-type=\"widget\" data-widget_type=\"heading.default\">\n\t\t\t\t<div class=\"elementor-widget-container\">\n\t\t\t\t\t<h2 class=\"elementor-heading-title elementor-size-default\">Clean &amp; green energy :<\/h2>\t\t\t\t<\/div>\n\t\t\t\t<\/div>\n\t\t\t\t<div class=\"elementor-element elementor-element-34eaacb elementor-widget elementor-widget-text-editor\" data-id=\"34eaacb\" data-element_type=\"widget\" data-e-type=\"widget\" data-widget_type=\"text-editor.default\">\n\t\t\t\t<div class=\"elementor-widget-container\">\n\t\t\t\t\t\t\t\t\t<div class=\"page\" title=\"Page 1\"><div class=\"layoutArea\"><div class=\"column\"><p>De la Revolu\u021bia Industrial\u0103, mixul energetic al majorit\u0103\u021bii \u021b\u0103rilor din lume a devenit dominat de combustibilii fosili. Acest lucru amenin\u021b\u0103 climatul global, precum \u0219i s\u0103n\u0103tatea uman\u0103. Trei sferturi din emisiile globale de gaze cu efect de ser\u0103 rezult\u0103 din arderea combustibililor fosili pentru energie.<\/p><p>Pentru a reduce emisiile de CO2 \u0219i poluarea atmosferic\u0103 local\u0103, lumea trebuie s\u0103 \u00eenlocuiasc\u0103 combustibilii fosili cu surse de energie cu emisii sc\u0103zute de carbon \u2013 tehnologii nucleare \u0219i regenerabile.<\/p><\/div><\/div><\/div>\t\t\t\t\t\t\t\t<\/div>\n\t\t\t\t<\/div>\n\t\t\t\t\t<\/div>\n\t\t<\/div>\n\t\t\t\t<div class=\"elementor-column elementor-col-50 elementor-top-column elementor-element elementor-element-9944359\" data-id=\"9944359\" data-element_type=\"column\" data-e-type=\"column\">\n\t\t\t<div class=\"elementor-widget-wrap elementor-element-populated\">\n\t\t\t\t\t\t<div class=\"elementor-element elementor-element-e3656a9 elementor-widget elementor-widget-image\" data-id=\"e3656a9\" data-element_type=\"widget\" data-e-type=\"widget\" data-widget_type=\"image.default\">\n\t\t\t\t<div class=\"elementor-widget-container\">\n\t\t\t\t\t\t\t\t\t\t\t\t\t\t\t<img fetchpriority=\"high\" decoding=\"async\" width=\"800\" height=\"600\" src=\"https:\/\/maralitc.com\/wp-content\/uploads\/2022\/10\/IMG_3423.jpg\" class=\"attachment-large size-large wp-image-375\" alt=\"\" srcset=\"https:\/\/maralitc.com\/wp-content\/uploads\/2022\/10\/IMG_3423.jpg 800w, https:\/\/maralitc.com\/wp-content\/uploads\/2022\/10\/IMG_3423-300x225.jpg 300w, https:\/\/maralitc.com\/wp-content\/uploads\/2022\/10\/IMG_3423-768x576.jpg 768w, https:\/\/maralitc.com\/wp-content\/uploads\/2022\/10\/IMG_3423-16x12.jpg 16w\" sizes=\"(max-width: 800px) 100vw, 800px\" \/>\t\t\t\t\t\t\t\t\t\t\t\t\t\t\t<\/div>\n\t\t\t\t<\/div>\n\t\t\t\t\t<\/div>\n\t\t<\/div>\n\t\t\t\t\t<\/div>\n\t\t<\/section>\n\t\t\t\t<section class=\"elementor-section elementor-top-section elementor-element elementor-element-8a91ca6 elementor-section-boxed elementor-section-height-default elementor-section-height-default\" data-id=\"8a91ca6\" data-element_type=\"section\" data-e-type=\"section\">\n\t\t\t\t\t\t<div class=\"elementor-container elementor-column-gap-default\">\n\t\t\t\t\t<div class=\"elementor-column elementor-col-50 elementor-top-column elementor-element elementor-element-eae3fa9\" data-id=\"eae3fa9\" data-element_type=\"column\" data-e-type=\"column\">\n\t\t\t<div class=\"elementor-widget-wrap elementor-element-populated\">\n\t\t\t\t\t\t<div class=\"elementor-element elementor-element-acf6613 elementor-widget elementor-widget-image\" data-id=\"acf6613\" data-element_type=\"widget\" data-e-type=\"widget\" data-widget_type=\"image.default\">\n\t\t\t\t<div class=\"elementor-widget-container\">\n\t\t\t\t\t\t\t\t\t\t\t\t\t\t\t<img decoding=\"async\" width=\"800\" height=\"534\" src=\"https:\/\/maralitc.com\/wp-content\/uploads\/2022\/10\/IMG_3425-1024x683.jpg\" class=\"attachment-large size-large wp-image-376\" alt=\"\" srcset=\"https:\/\/maralitc.com\/wp-content\/uploads\/2022\/10\/IMG_3425-1024x683.jpg 1024w, https:\/\/maralitc.com\/wp-content\/uploads\/2022\/10\/IMG_3425-300x200.jpg 300w, https:\/\/maralitc.com\/wp-content\/uploads\/2022\/10\/IMG_3425-768x512.jpg 768w, https:\/\/maralitc.com\/wp-content\/uploads\/2022\/10\/IMG_3425-18x12.jpg 18w, https:\/\/maralitc.com\/wp-content\/uploads\/2022\/10\/IMG_3425.jpg 1200w\" sizes=\"(max-width: 800px) 100vw, 800px\" \/>\t\t\t\t\t\t\t\t\t\t\t\t\t\t\t<\/div>\n\t\t\t\t<\/div>\n\t\t\t\t\t<\/div>\n\t\t<\/div>\n\t\t\t\t<div class=\"elementor-column elementor-col-50 elementor-top-column elementor-element elementor-element-4ec4116\" data-id=\"4ec4116\" data-element_type=\"column\" data-e-type=\"column\">\n\t\t\t<div class=\"elementor-widget-wrap elementor-element-populated\">\n\t\t\t\t\t\t<div class=\"elementor-element elementor-element-dd40f5d elementor-widget elementor-widget-text-editor\" data-id=\"dd40f5d\" data-element_type=\"widget\" data-e-type=\"widget\" data-widget_type=\"text-editor.default\">\n\t\t\t\t<div class=\"elementor-widget-container\">\n\t\t\t\t\t\t\t\t\t\u00cen conformitate cu politica european\u0103, Rom\u00e2nia a luat m\u0103suri pentru a ob\u021bine un mediu mai accesibil, mai sigur \u0219i mai accesibil\nsistem energetic prietenos cu mediul. Astfel, \u00een 2013, Rom\u00e2nia a instalat mai mult de 1GW\nde parcuri fotovoltaice, plas\u00e2nd \u021bara \u00eentr-o categorie care include juc\u0103tori globali precum Italia,\nIndia, Grecia \u0219i Marea Britanie. Au fost construite parcuri solare fotovoltaice mici, medii \u0219i mari.\n\\Astfel, \u00eenainte de a trasa o linie sub prima etap\u0103 a eforturilor colective de decarbonizare \u0219i diversificare\nmixul energetic \u00een 2020, de remarcat c\u0103 Rom\u00e2nia este una dintre \u021b\u0103rile care a realizat\n\u021binta propus\u0103 de acesta, ating\u00e2nd, conform datelor publice, o cot\u0103 de aproximativ 27% din verde\nenergie \u00een 2019, inclusiv capacitatea de generare a sistemului hidroenergetic\t\t\t\t\t\t\t\t<\/div>\n\t\t\t\t<\/div>\n\t\t\t\t\t<\/div>\n\t\t<\/div>\n\t\t\t\t\t<\/div>\n\t\t<\/section>\n\t\t\t\t<section class=\"elementor-section elementor-top-section elementor-element elementor-element-9f86773 elementor-section-boxed elementor-section-height-default elementor-section-height-default\" data-id=\"9f86773\" data-element_type=\"section\" data-e-type=\"section\">\n\t\t\t\t\t\t<div class=\"elementor-container elementor-column-gap-default\">\n\t\t\t\t\t<div class=\"elementor-column elementor-col-100 elementor-top-column elementor-element elementor-element-fd7d035\" data-id=\"fd7d035\" data-element_type=\"column\" data-e-type=\"column\">\n\t\t\t<div class=\"elementor-widget-wrap elementor-element-populated\">\n\t\t\t\t\t\t<div class=\"elementor-element elementor-element-876933c elementor-widget elementor-widget-text-editor\" data-id=\"876933c\" data-element_type=\"widget\" data-e-type=\"widget\" data-widget_type=\"text-editor.default\">\n\t\t\t\t<div class=\"elementor-widget-container\">\n\t\t\t\t\t\t\t\t\t\u00cen plus, cel\nviziunea Strategiei Energetice a Romaniei 2019-2030 prevede crestere in sectorul energetic romanesc\nprin construirea de noi capacit\u0103\u021bi de generare \u0219i, de asemenea, repowering \u0219i modernizare\na capacit\u0103\u021bilor de produc\u021bie, transport \u0219i distribu\u021bie a energiei, \u00eencuraj\u00e2nd totodat\u0103 economiile \u00een\nconsumul intern \u00een cadrul obiectivelor de eficien\u021b\u0103 energetic\u0103.\t\t\t\t\t\t\t\t<\/div>\n\t\t\t\t<\/div>\n\t\t\t\t\t<\/div>\n\t\t<\/div>\n\t\t\t\t\t<\/div>\n\t\t<\/section>\n\t\t\t\t<section class=\"elementor-section elementor-top-section elementor-element elementor-element-fdee129 elementor-section-boxed elementor-section-height-default elementor-section-height-default\" data-id=\"fdee129\" data-element_type=\"section\" data-e-type=\"section\" data-settings=\"{&quot;background_background&quot;:&quot;classic&quot;}\">\n\t\t\t\t\t\t\t<div class=\"elementor-background-overlay\"><\/div>\n\t\t\t\t\t\t\t<div class=\"elementor-container elementor-column-gap-default\">\n\t\t\t\t\t<div class=\"elementor-column elementor-col-100 elementor-top-column elementor-element elementor-element-a20587b\" data-id=\"a20587b\" data-element_type=\"column\" data-e-type=\"column\">\n\t\t\t<div class=\"elementor-widget-wrap elementor-element-populated\">\n\t\t\t\t\t\t<div class=\"elementor-element elementor-element-00a4858 elementor-widget elementor-widget-heading\" data-id=\"00a4858\" data-element_type=\"widget\" data-e-type=\"widget\" data-widget_type=\"heading.default\">\n\t\t\t\t<div class=\"elementor-widget-container\">\n\t\t\t\t\t<h2 class=\"elementor-heading-title elementor-size-default\">Romgaz \u0219i Liberty Gala\u021bi<\/h2>\t\t\t\t<\/div>\n\t\t\t\t<\/div>\n\t\t\t\t<div class=\"elementor-element elementor-element-1ac6b4a elementor-widget elementor-widget-text-editor\" data-id=\"1ac6b4a\" data-element_type=\"widget\" data-e-type=\"widget\" data-widget_type=\"text-editor.default\">\n\t\t\t\t<div class=\"elementor-widget-container\">\n\t\t\t\t\t\t\t\t\t\u00cen iunie 2020, Romgaz \u0219i Liberty Gala\u021bi au semnat un memorandum pentru construirea unei centrale de gaze \u0219i, de asemenea, a capacit\u0103\u021bilor eoliene \u0219i fotovoltaice, prin \u00eenfiin\u021barea unui joint venture, \u00een vederea dezvolt\u0103rii unor proiecte de investi\u021bii greenfield, inclusiv dezvoltarea unei centrale electrice pe gaze naturale. unitate de generare \u0219i unit\u0103\u021bi de producere a energiei regenerabile, folosind at\u00e2t tehnologii eoliene, c\u00e2t \u0219i fotovoltaice. Proiectul este poten\u021bial una dintre cele mai mari investi\u021bii din Europa, \u00een valoare de 1,2 miliarde EUR,\n\u00een urm\u0103torii cinci ani.\nConform explica\u021biei men\u021bionate mai sus, compania Maral International Trading ia \u00een considerare acest subiect \u0219i depune eforturile noastre pentru a ajuta la atenuarea utiliz\u0103rii combustibililor fosili \u0219i a schimb\u0103rilor climatice.\nprin furnizarea de tehnologie avansat\u0103 \u0219i sprijinirea acestora.\t\t\t\t\t\t\t\t<\/div>\n\t\t\t\t<\/div>\n\t\t\t\t\t<\/div>\n\t\t<\/div>\n\t\t\t\t\t<\/div>\n\t\t<\/section>\n\t\t\t\t<section class=\"elementor-section elementor-top-section elementor-element elementor-element-874dc54 elementor-section-boxed elementor-section-height-default elementor-section-height-default\" data-id=\"874dc54\" data-element_type=\"section\" data-e-type=\"section\">\n\t\t\t\t\t\t<div class=\"elementor-container elementor-column-gap-default\">\n\t\t\t\t\t<div class=\"elementor-column elementor-col-50 elementor-top-column elementor-element elementor-element-c334cdc\" data-id=\"c334cdc\" data-element_type=\"column\" data-e-type=\"column\">\n\t\t\t<div class=\"elementor-widget-wrap elementor-element-populated\">\n\t\t\t\t\t\t<div class=\"elementor-element elementor-element-9540ba3 elementor-widget elementor-widget-text-editor\" data-id=\"9540ba3\" data-element_type=\"widget\" data-e-type=\"widget\" data-widget_type=\"text-editor.default\">\n\t\t\t\t<div class=\"elementor-widget-container\">\n\t\t\t\t\t\t\t\t\tDe asemenea, la \u00eenceputul lunii iulie 2020, guvernul Rom\u00e2niei a publicat Planul de redresare economic\u0103. Valoarea investi\u021biilor alocate de Sistemul Energetic Na\u021bional pentru perioada 2020-25 este estimat\u0103 la 12,48 miliarde EUR, acoperind proiecte de producere a energiei precum re\u021belele inteligente de transport \u0219i distribu\u021bie a gazelor naturale \u0219i a energiei electrice.\t\t\t\t\t\t\t\t<\/div>\n\t\t\t\t<\/div>\n\t\t\t\t\t<\/div>\n\t\t<\/div>\n\t\t\t\t<div class=\"elementor-column elementor-col-50 elementor-top-column elementor-element elementor-element-ecfb0a6\" data-id=\"ecfb0a6\" data-element_type=\"column\" data-e-type=\"column\">\n\t\t\t<div class=\"elementor-widget-wrap elementor-element-populated\">\n\t\t\t\t\t\t<div class=\"elementor-element elementor-element-fc74ef0 elementor-widget elementor-widget-image\" data-id=\"fc74ef0\" data-element_type=\"widget\" data-e-type=\"widget\" data-widget_type=\"image.default\">\n\t\t\t\t<div class=\"elementor-widget-container\">\n\t\t\t\t\t\t\t\t\t\t\t\t\t\t\t<img decoding=\"async\" width=\"800\" height=\"600\" src=\"https:\/\/maralitc.com\/wp-content\/uploads\/2022\/10\/energy-transmission-gets-a-boost-1024x768.jpeg\" class=\"attachment-large size-large wp-image-377\" alt=\"\" srcset=\"https:\/\/maralitc.com\/wp-content\/uploads\/2022\/10\/energy-transmission-gets-a-boost-1024x768.jpeg 1024w, https:\/\/maralitc.com\/wp-content\/uploads\/2022\/10\/energy-transmission-gets-a-boost-300x225.jpeg 300w, https:\/\/maralitc.com\/wp-content\/uploads\/2022\/10\/energy-transmission-gets-a-boost-768x576.jpeg 768w, https:\/\/maralitc.com\/wp-content\/uploads\/2022\/10\/energy-transmission-gets-a-boost-1536x1152.jpeg 1536w, https:\/\/maralitc.com\/wp-content\/uploads\/2022\/10\/energy-transmission-gets-a-boost-16x12.jpeg 16w, https:\/\/maralitc.com\/wp-content\/uploads\/2022\/10\/energy-transmission-gets-a-boost.jpeg 1600w\" sizes=\"(max-width: 800px) 100vw, 800px\" \/>\t\t\t\t\t\t\t\t\t\t\t\t\t\t\t<\/div>\n\t\t\t\t<\/div>\n\t\t\t\t\t<\/div>\n\t\t<\/div>\n\t\t\t\t\t<\/div>\n\t\t<\/section>\n\t\t\t\t<section class=\"elementor-section elementor-top-section elementor-element elementor-element-a9d61ee elementor-section-boxed elementor-section-height-default elementor-section-height-default\" data-id=\"a9d61ee\" data-element_type=\"section\" data-e-type=\"section\" data-settings=\"{&quot;background_background&quot;:&quot;classic&quot;}\">\n\t\t\t\t\t\t\t<div class=\"elementor-background-overlay\"><\/div>\n\t\t\t\t\t\t\t<div class=\"elementor-container elementor-column-gap-default\">\n\t\t\t\t\t<div class=\"elementor-column elementor-col-100 elementor-top-column elementor-element elementor-element-d5b7a51\" data-id=\"d5b7a51\" data-element_type=\"column\" data-e-type=\"column\">\n\t\t\t<div class=\"elementor-widget-wrap elementor-element-populated\">\n\t\t\t\t\t\t<div class=\"elementor-element elementor-element-b2a4f59 elementor-widget elementor-widget-heading\" data-id=\"b2a4f59\" data-element_type=\"widget\" data-e-type=\"widget\" data-widget_type=\"heading.default\">\n\t\t\t\t<div class=\"elementor-widget-container\">\n\t\t\t\t\t<h2 class=\"elementor-heading-title elementor-size-default\">Hot\u0103r\u00e2ri \u0219i programe compilate de Parlamentul Uniunii Europene pe site-ul s\u0103u oficial privind mediul \u0219i energiile verzi<\/h2>\t\t\t\t<\/div>\n\t\t\t\t<\/div>\n\t\t\t\t<div class=\"elementor-element elementor-element-8a93424 elementor-align-center elementor-widget elementor-widget-button\" data-id=\"8a93424\" data-element_type=\"widget\" data-e-type=\"widget\" data-widget_type=\"button.default\">\n\t\t\t\t<div class=\"elementor-widget-container\">\n\t\t\t\t\t\t\t\t\t<div class=\"elementor-button-wrapper\">\n\t\t\t\t\t<a class=\"elementor-button elementor-button-link elementor-size-md\" href=\"https:\/\/www.consilium.europa.eu\/ro\/policies\/green-deal\/fit-for-55-the-eu-plan-for-a-green-transition\/\">\n\t\t\t\t\t\t<span class=\"elementor-button-content-wrapper\">\n\t\t\t\t\t\t\t\t\t<span class=\"elementor-button-text\">Vedere<\/span>\n\t\t\t\t\t<\/span>\n\t\t\t\t\t<\/a>\n\t\t\t\t<\/div>\n\t\t\t\t\t\t\t\t<\/div>\n\t\t\t\t<\/div>\n\t\t\t\t\t<\/div>\n\t\t<\/div>\n\t\t\t\t\t<\/div>\n\t\t<\/section>\n\t\t\t\t<\/div>","protected":false},"excerpt":{"rendered":"<p>Clean &#038; green energy Clean &#038; green energy : Since the Industrial Revolution, the energy mix of most countries across the world has become dominated by fossil fuels. This threatens the global climate, as well as human health. Three- quarters of global greenhouse gas emissions result from the burning of fossil fuels for energy. To [&hellip;]<\/p>","protected":false},"author":1,"featured_media":0,"parent":0,"menu_order":0,"comment_status":"closed","ping_status":"closed","template":"","meta":{"footnotes":""},"class_list":["post-371","page","type-page","status-publish","hentry"],"_links":{"self":[{"href":"https:\/\/maralitc.com\/ro\/wp-json\/wp\/v2\/pages\/371","targetHints":{"allow":["GET"]}}],"collection":[{"href":"https:\/\/maralitc.com\/ro\/wp-json\/wp\/v2\/pages"}],"about":[{"href":"https:\/\/maralitc.com\/ro\/wp-json\/wp\/v2\/types\/page"}],"author":[{"embeddable":true,"href":"https:\/\/maralitc.com\/ro\/wp-json\/wp\/v2\/users\/1"}],"replies":[{"embeddable":true,"href":"https:\/\/maralitc.com\/ro\/wp-json\/wp\/v2\/comments?post=371"}],"version-history":[{"count":13,"href":"https:\/\/maralitc.com\/ro\/wp-json\/wp\/v2\/pages\/371\/revisions"}],"predecessor-version":[{"id":555,"href":"https:\/\/maralitc.com\/ro\/wp-json\/wp\/v2\/pages\/371\/revisions\/555"}],"wp:attachment":[{"href":"https:\/\/maralitc.com\/ro\/wp-json\/wp\/v2\/media?parent=371"}],"curies":[{"name":"wp","href":"https:\/\/api.w.org\/{rel}","templated":true}]}}